{"id":3,"date":"2025-02-05T20:10:04","date_gmt":"2025-02-05T20:10:04","guid":{"rendered":"https:\/\/malikibnanas.be\/?page_id=3"},"modified":"2026-02-08T00:02:22","modified_gmt":"2026-02-08T00:02:22","slug":"privacy-policy","status":"publish","type":"page","link":"https:\/\/malikibnanas.be\/nl\/privacy-policy\/","title":{"rendered":"Politique de confidentialit\u00e9"},"content":{"rendered":"<h3 class=\"wp-block-heading\" data-start=\"94\" data-end=\"110\"><strong data-start=\"112\" data-end=\"131\">Qui nous sommes<\/strong><br data-start=\"131\" data-end=\"134\" \/>Notre site web est : <a class=\"decorated-link\" href=\"https:\/\/malikibnanas.be\/nl\/\" target=\"_new\" rel=\"noopener\" data-start=\"155\" data-end=\"205\">https:\/\/malikibnanas.be<\/a>.<\/h3>\r\n<p data-start=\"208\" data-end=\"492\"><strong data-start=\"208\" data-end=\"224\">Commentaires<\/strong><br data-start=\"224\" data-end=\"227\" \/>Lorsque les visiteurs laissent des commentaires sur le site, nous collectons les informations indiqu\u00e9es dans le formulaire de commentaire, ainsi que l\u2019adresse IP et la cha\u00eene de l\u2019agent utilisateur du navigateur du visiteur, afin d\u2019aider \u00e0 la d\u00e9tection des spams.<\/p>\r\n<p data-start=\"494\" data-end=\"910\">Une cha\u00eene anonymis\u00e9e cr\u00e9\u00e9e \u00e0 partir de votre adresse e-mail (\u00e9galement appel\u00e9e \u201chash\u201d) peut \u00eatre fournie au service Gravatar pour v\u00e9rifier si vous l\u2019utilisez. La politique de confidentialit\u00e9 de Gravatar est disponible ici : <a class=\"decorated-link\" href=\"https:\/\/automattic.com\/privacy\/\" target=\"_new\" rel=\"noopener\" data-start=\"719\" data-end=\"785\">https:\/\/automattic.com\/privacy\/<\/a>. Apr\u00e8s approbation de votre commentaire, votre photo de profil sera visible publiquement dans le cadre de votre commentaire.<\/p>\r\n<p data-start=\"912\" data-end=\"1135\"><strong data-start=\"912\" data-end=\"922\">M\u00e9dias<\/strong><br data-start=\"922\" data-end=\"925\" \/>Si vous t\u00e9l\u00e9chargez des images sur le site, \u00e9vitez d\u2019inclure des donn\u00e9es de localisation int\u00e9gr\u00e9es (EXIF GPS). Les visiteurs peuvent t\u00e9l\u00e9charger et extraire ces donn\u00e9es \u00e0 partir des images publi\u00e9es sur le site.<\/p>\r\n<p data-start=\"1137\" data-end=\"1424\"><strong data-start=\"1137\" data-end=\"1148\">Cookies<\/strong><br data-start=\"1148\" data-end=\"1151\" \/>Si vous laissez un commentaire sur notre site, vous pouvez choisir d\u2019enregistrer votre nom, votre adresse e-mail et votre site web dans des cookies. Cela permet de ne pas avoir \u00e0 remplir vos informations \u00e0 nouveau lors d\u2019un prochain commentaire. Ces cookies durent un an.<\/p>\r\n<p data-start=\"1426\" data-end=\"1662\">Si vous visitez notre page de connexion, nous d\u00e9finirons un cookie temporaire pour v\u00e9rifier si votre navigateur accepte les cookies. Ce cookie ne contient aucune donn\u00e9e personnelle et est supprim\u00e9 lorsque vous fermez votre navigateur.<\/p>\r\n<p data-start=\"1664\" data-end=\"2070\">Lorsque vous vous connectez, plusieurs cookies sont \u00e9galement configur\u00e9s pour enregistrer vos informations de connexion et vos pr\u00e9f\u00e9rences d\u2019affichage. Les cookies de connexion durent deux jours, les cookies de pr\u00e9f\u00e9rences d\u2019affichage durent un an. Si vous choisissez \u201cSe souvenir de moi\u201d, votre connexion sera conserv\u00e9e deux semaines. Si vous vous d\u00e9connectez, les cookies de connexion seront supprim\u00e9s.<\/p>\r\n<p data-start=\"2072\" data-end=\"2311\">Si vous \u00e9ditez ou publiez un article, un cookie suppl\u00e9mentaire sera enregistr\u00e9 dans votre navigateur. Ce cookie ne contient aucune donn\u00e9e personnelle et indique simplement l\u2019ID de l\u2019article que vous venez d\u2019\u00e9diter. Il expire apr\u00e8s un jour.<\/p>\r\n<p data-start=\"2313\" data-end=\"2571\"><strong data-start=\"2313\" data-end=\"2357\">Contenu int\u00e9gr\u00e9 provenant d\u2019autres sites<\/strong><br data-start=\"2357\" data-end=\"2360\" \/>Les articles de ce site peuvent inclure du contenu int\u00e9gr\u00e9 (vid\u00e9os, images, articles, etc.). Le contenu int\u00e9gr\u00e9 provenant d\u2019autres sites se comporte exactement comme si le visiteur avait visit\u00e9 cet autre site.<\/p>\r\n<p data-start=\"2573\" data-end=\"2794\">Ces sites peuvent collecter des donn\u00e9es vous concernant, utiliser des cookies, int\u00e9grer des traqueurs tiers et surveiller votre interaction avec ce contenu, y compris si vous avez un compte et \u00eates connect\u00e9 sur ces sites.<\/p>\r\n<p data-start=\"2796\" data-end=\"2958\"><strong data-start=\"2796\" data-end=\"2836\">Avec qui nous partageons vos donn\u00e9es<\/strong><br data-start=\"2836\" data-end=\"2839\" \/>Si vous demandez une r\u00e9initialisation de mot de passe, votre adresse IP sera incluse dans l\u2019e-mail de r\u00e9initialisation.<\/p>\r\n<p data-start=\"2960\" data-end=\"3183\"><strong data-start=\"2960\" data-end=\"3000\">Dur\u00e9e de conservation de vos donn\u00e9es<\/strong><br data-start=\"3000\" data-end=\"3003\" \/>Si vous laissez un commentaire, celui-ci et ses m\u00e9tadonn\u00e9es sont conserv\u00e9s ind\u00e9finiment. Cela nous permet de reconna\u00eetre et d\u2019approuver automatiquement tout commentaire de suivi.<\/p>\r\n<p data-start=\"3185\" data-end=\"3556\">Pour les utilisateurs qui s\u2019inscrivent sur notre site, nous stockons \u00e9galement les informations personnelles fournies dans leur profil utilisateur. Tous les utilisateurs peuvent consulter, modifier ou supprimer leurs informations personnelles \u00e0 tout moment (sauf le nom d\u2019utilisateur). Les administrateurs du site peuvent \u00e9galement consulter et modifier ces informations.<\/p>\r\n<p data-start=\"3558\" data-end=\"4015\"><strong data-start=\"3558\" data-end=\"3588\">Vos droits sur vos donn\u00e9es<\/strong><br data-start=\"3588\" data-end=\"3591\" \/>Si vous avez un compte sur ce site ou si vous avez laiss\u00e9 des commentaires, vous pouvez demander \u00e0 recevoir un fichier export\u00e9 des donn\u00e9es personnelles que nous d\u00e9tenons \u00e0 votre sujet, y compris les donn\u00e9es que vous nous avez fournies. Vous pouvez \u00e9galement demander la suppression de vos donn\u00e9es personnelles. Cela n\u2019inclut pas les donn\u00e9es que nous devons conserver pour des raisons administratives, l\u00e9gales ou de s\u00e9curit\u00e9.<\/p>\r\n<p data-start=\"4017\" data-end=\"4152\"><strong data-start=\"4017\" data-end=\"4049\">O\u00f9 vos donn\u00e9es sont envoy\u00e9es<\/strong><br data-start=\"4049\" data-end=\"4052\" \/>Les commentaires des visiteurs peuvent \u00eatre v\u00e9rifi\u00e9s via un service automatis\u00e9 de d\u00e9tection de spam.<\/p>","protected":false},"excerpt":{"rendered":"<p>Qui nous sommesNotre site web est : https:\/\/malikibnanas.be. CommentairesLorsque les visiteurs laissent des commentaires sur le site, nous collectons les informations indiqu\u00e9es dans le formulaire de commentaire, ainsi que l\u2019adresse IP et la cha\u00eene de l\u2019agent utilisateur du navigateur du visiteur, afin d\u2019aider \u00e0 la d\u00e9tection des spams. Une cha\u00eene anonymis\u00e9e cr\u00e9\u00e9e \u00e0 partir de<\/p>","protected":false},"author":1,"featured_media":0,"parent":0,"menu_order":0,"comment_status":"closed","ping_status":"open","template":"","meta":{"footnotes":""},"class_list":["post-3","page","type-page","status-publish","hentry"],"_links":{"self":[{"href":"https:\/\/malikibnanas.be\/nl\/wp-json\/wp\/v2\/pages\/3","targetHints":{"allow":["GET"]}}],"collection":[{"href":"https:\/\/malikibnanas.be\/nl\/wp-json\/wp\/v2\/pages"}],"about":[{"href":"https:\/\/malikibnanas.be\/nl\/wp-json\/wp\/v2\/types\/page"}],"author":[{"embeddable":true,"href":"https:\/\/malikibnanas.be\/nl\/wp-json\/wp\/v2\/users\/1"}],"replies":[{"embeddable":true,"href":"https:\/\/malikibnanas.be\/nl\/wp-json\/wp\/v2\/comments?post=3"}],"version-history":[{"count":2,"href":"https:\/\/malikibnanas.be\/nl\/wp-json\/wp\/v2\/pages\/3\/revisions"}],"predecessor-version":[{"id":5538,"href":"https:\/\/malikibnanas.be\/nl\/wp-json\/wp\/v2\/pages\/3\/revisions\/5538"}],"wp:attachment":[{"href":"https:\/\/malikibnanas.be\/nl\/wp-json\/wp\/v2\/media?parent=3"}],"curies":[{"name":"wp","href":"https:\/\/api.w.org\/{rel}","templated":true}]}}